{"id":34866,"date":"2025-05-22T13:39:26","date_gmt":"2025-05-22T13:39:26","guid":{"rendered":"https:\/\/primerentals.com.mt\/politika-tal-cookies\/"},"modified":"2026-04-07T22:11:24","modified_gmt":"2026-04-07T22:11:24","slug":"politika-tal-cookies","status":"publish","type":"page","link":"https:\/\/primerentals.com.mt\/mt\/politika-tal-cookies\/","title":{"rendered":"Politika tal-Cookies"},"content":{"rendered":"\t\t<div data-elementor-type=\"wp-page\" data-elementor-id=\"34866\" class=\"elementor elementor-34866 elementor-33758\" data-elementor-post-type=\"page\">\n\t\t\t\t<div class=\"elementor-element elementor-element-496583f5 e-flex e-con-boxed e-con e-parent\" data-id=\"496583f5\" data-element_type=\"container\" data-e-type=\"container\">\n\t\t\t\t\t<div class=\"e-con-inner\">\n\t\t\t\t<div class=\"elementor-element elementor-element-d91d81e elementor-widget__width-inherit elementor-widget elementor-widget-thim-ekits-breadcrumb\" data-id=\"d91d81e\" data-element_type=\"widget\" data-e-type=\"widget\" data-widget_type=\"thim-ekits-breadcrumb.default\">\n\t\t\t\t<div class=\"elementor-widget-container\">\n\t\t\t\t\t\n\t\t\t<div class=\"thim-ekit-breadcrumb\">\n\n\t\t\t\tHome\n\t\t\t<\/div>\n\n\t\t\t\t\t\t\t<\/div>\n\t\t\t\t<\/div>\n\t\t\t\t\t<\/div>\n\t\t\t\t<\/div>\n\t\t<div class=\"elementor-element elementor-element-558e0aff e-flex e-con-boxed e-con e-parent\" data-id=\"558e0aff\" data-element_type=\"container\" data-e-type=\"container\">\n\t\t\t\t\t<div class=\"e-con-inner\">\n\t\t\t\t<div class=\"elementor-element elementor-element-22cefd8b elementor-widget__width-inherit elementor-widget elementor-widget-thim-ekits-heading\" data-id=\"22cefd8b\" data-element_type=\"widget\" data-e-type=\"widget\" data-widget_type=\"thim-ekits-heading.default\">\n\t\t\t\t<div class=\"elementor-widget-container\">\n\t\t\t\t\t<div class=\"thim-ekits-heading thim-ekit__heading\"><h1 class=\"title\">Politika tal-Cookies<\/h1><\/div>\t\t\t\t<\/div>\n\t\t\t\t<\/div>\n\t\t\t\t<div class=\"elementor-element elementor-element-579d6fa2 elementor-widget elementor-widget-text-editor\" data-id=\"579d6fa2\" data-element_type=\"widget\" data-e-type=\"widget\" data-widget_type=\"text-editor.default\">\n\t\t\t\t\t\t\t\t\t<p>Lorem Ipsum huwa sempli\u010bement test finta tal-industrija tal-istampar u t-tipa. Lorem Ipsum ilu t-test finta standard tal-industrija sa mill-1500, meta stampatur mhux mag\u0127ruf \u0127a k\u010bina mimlija tipi u \u0127allathom biex jag\u0127mel ktieb ta&#8217; kampjuni tat-tipi. Baqa&#8217; \u0127aj mhux biss g\u0127al \u0127ames sekli, i\u017cda wkoll g\u0127all-qab\u017ca g\u0127at-tipa elettronika, u baqa&#8217; essenzjalment l-istess. Dan sar popolari fis-snin sittin bir-rilaxx ta&#8217; folji Letraset li fihom siltiet ta&#8217; Lorem Ipsum, u aktar re\u010bentement b&#8217;softwer ta&#8217; pubblikazzjoni fuq id-desktop b\u0127al Aldus PageMaker li jinkludu ver\u017cjonijiet ta&#8217; Lorem Ipsum.<\/p>\t\t\t\t\t\t\t\t<\/div>\n\t\t\t\t<div class=\"elementor-element elementor-element-2da3ba30 elementor-widget__width-inherit elementor-widget elementor-widget-thim-ekits-heading\" data-id=\"2da3ba30\" data-element_type=\"widget\" data-e-type=\"widget\" data-widget_type=\"thim-ekits-heading.default\">\n\t\t\t\t<div class=\"elementor-widget-container\">\n\t\t\t\t\t<div class=\"thim-ekits-heading thim-ekit__heading\"><h5 class=\"title\">1. Introduzzjoni g\u0127all-Politika tas-Sigurt\u00e0 tal-Informazzjoni<\/h5><\/div>\t\t\t\t<\/div>\n\t\t\t\t<\/div>\n\t\t\t\t<div class=\"elementor-element elementor-element-4ef93157 elementor-widget elementor-widget-text-editor\" data-id=\"4ef93157\" data-element_type=\"widget\" data-e-type=\"widget\" data-widget_type=\"text-editor.default\">\n\t\t\t\t\t\t\t\t\t<p>Lorem Ipsum huwa sempli\u010bement test finta tal-industrija tal-istampar u t-tipa. Lorem Ipsum ilu t-test finta standard tal-industrija sa mill-1500, meta stampatur mhux mag\u0127ruf \u0127a k\u010bina mimlija tipi u \u0127allathom biex jag\u0127mel ktieb ta&#8217; kampjuni tat-tipi. Baqa&#8217; \u0127aj mhux biss g\u0127al \u0127ames sekli, i\u017cda wkoll g\u0127all-qab\u017ca g\u0127at-tipa elettronika, u baqa&#8217; essenzjalment l-istess. Dan sar popolari fis-snin sittin bir-rilaxx ta&#8217; folji Letraset li fihom siltiet ta&#8217; Lorem Ipsum, u aktar re\u010bentement b&#8217;softwer ta&#8217; pubblikazzjoni fuq id-desktop b\u0127al Aldus PageMaker li jinkludu ver\u017cjonijiet ta&#8217; Lorem Ipsum.<\/p>\t\t\t\t\t\t\t\t<\/div>\n\t\t\t\t<div class=\"elementor-element elementor-element-20079cc5 elementor-widget__width-inherit elementor-widget elementor-widget-thim-ekits-header-info\" data-id=\"20079cc5\" data-element_type=\"widget\" data-e-type=\"widget\" data-widget_type=\"thim-ekits-header-info.default\">\n\t\t\t\t<div class=\"elementor-widget-container\">\n\t\t\t\t\t\t\t<div class=\"header-info-swapper\">\n\t\t\t<ul class=\"thim-header-info\">\n\t\t\t\t\t\t\t\t\t\t<li>\n\t\t\t\t\t\t\t\t\t\t\t\t\t\t\t\t\t\t\t\t\t\t\t\t<span>\n\t\t\t\t\t\t\t\t\t<i aria-hidden=\"true\" class=\"tk tk-check\"><\/i>\t\t\t\t\t\t\t\t<\/span>\n\t\t\t\t\t\t\t\t\n\t\t\t\t\t\t\t\tKomunikazzjoni tal-g\u0127a\u0121eb.\n\t\t\t\t\t\t\t\t\t\t\t\t\t\t<\/li>\n\t\t\t\t\t\t\t\t\t\t\t\t<li>\n\t\t\t\t\t\t\t\t\t\t\t\t\t\t\t\t\t\t\t\t\t\t\t\t<span>\n\t\t\t\t\t\t\t\t\t<i aria-hidden=\"true\" class=\"tk tk-check\"><\/i>\t\t\t\t\t\t\t\t<\/span>\n\t\t\t\t\t\t\t\t\n\t\t\t\t\t\t\t\tL-aqwa esperjenza fid-disinn tat-tendenzi.\n\t\t\t\t\t\t\t\t\t\t\t\t\t\t<\/li>\n\t\t\t\t\t\t\t\t\t\t\t\t<li>\n\t\t\t\t\t\t\t\t\t\t\t\t\t\t\t\t\t\t\t\t\t\t\t\t<span>\n\t\t\t\t\t\t\t\t\t<i aria-hidden=\"true\" class=\"tk tk-check\"><\/i>\t\t\t\t\t\t\t\t<\/span>\n\t\t\t\t\t\t\t\t\n\t\t\t\t\t\t\t\tEmail u Chat diretta.\n\t\t\t\t\t\t\t\t\t\t\t\t\t\t<\/li>\n\t\t\t\t\t\t\t\t\t<\/ul>\n\t\t<\/div>\n\t\t\t\t\t\t<\/div>\n\t\t\t\t<\/div>\n\t\t\t\t<div class=\"elementor-element elementor-element-3afc42ef elementor-widget__width-inherit elementor-widget elementor-widget-thim-ekits-heading\" data-id=\"3afc42ef\" data-element_type=\"widget\" data-e-type=\"widget\" data-widget_type=\"thim-ekits-heading.default\">\n\t\t\t\t<div class=\"elementor-widget-container\">\n\t\t\t\t\t<div class=\"thim-ekits-heading thim-ekit__heading\"><h5 class=\"title\">2. Kif ni\u0121bru informazzjoni personali<\/h5><\/div>\t\t\t\t<\/div>\n\t\t\t\t<\/div>\n\t\t\t\t<div class=\"elementor-element elementor-element-4d8ace39 elementor-widget elementor-widget-text-editor\" data-id=\"4d8ace39\" data-element_type=\"widget\" data-e-type=\"widget\" data-widget_type=\"text-editor.default\">\n\t\t\t\t\t\t\t\t\t<ul><li>Lorem Ipsum huwa sempli\u010bement test finta tal-industrija tal-istampar u t-tipa. Lorem Ipsum ilu t-test finta standard tal-industrija sa mill-1500,<\/li><li>Lorem Ipsum huwa sempli\u010bement test finta tal-industrija tal-istampar u t-tipa. Lorem Ipsum ilu t-test finta standard tal-industrija sa mill-1500, meta stampatur mhux mag\u0127ruf \u0127a k\u010bina mimlija tipi u \u0127allathom biex jag\u0127mel ktieb ta&#8217; kampjuni tat-tipi.<\/li><\/ul>\t\t\t\t\t\t\t\t<\/div>\n\t\t\t\t<div class=\"elementor-element elementor-element-4662303e elementor-widget__width-inherit elementor-widget elementor-widget-thim-ekits-heading\" data-id=\"4662303e\" data-element_type=\"widget\" data-e-type=\"widget\" data-widget_type=\"thim-ekits-heading.default\">\n\t\t\t\t<div class=\"elementor-widget-container\">\n\t\t\t\t\t<div class=\"thim-ekits-heading thim-ekit__heading\"><h5 class=\"title\">3. Introduzzjoni g\u0127all-Politika tas-Sigurt\u00e0 tal-Informazzjoni<\/h5><\/div>\t\t\t\t<\/div>\n\t\t\t\t<\/div>\n\t\t\t\t<div class=\"elementor-element elementor-element-23440ba7 elementor-widget elementor-widget-text-editor\" data-id=\"23440ba7\" data-element_type=\"widget\" data-e-type=\"widget\" data-widget_type=\"text-editor.default\">\n\t\t\t\t\t\t\t\t\t<p>Lorem Ipsum huwa sempli\u010bement test finta tal-industrija tal-istampar u t-tipa. Lorem Ipsum ilu t-test finta standard tal-industrija sa mill-1500, meta stampatur mhux mag\u0127ruf \u0127a k\u010bina mimlija tipi u \u0127allathom biex jag\u0127mel ktieb ta&#8217; kampjuni tat-tipi. Baqa&#8217; \u0127aj mhux biss g\u0127al \u0127ames sekli, i\u017cda wkoll g\u0127all-qab\u017ca g\u0127at-tipa elettronika, u baqa&#8217; essenzjalment l-istess. Dan sar popolari fis-snin sittin bir-rilaxx ta&#8217; folji Letraset li fihom siltiet ta&#8217; Lorem Ipsum, u aktar re\u010bentement b&#8217;softwer ta&#8217; pubblikazzjoni fuq id-desktop b\u0127al Aldus PageMaker li jinkludu ver\u017cjonijiet ta&#8217; Lorem Ipsum.<\/p>\t\t\t\t\t\t\t\t<\/div>\n\t\t\t\t\t<\/div>\n\t\t\t\t<\/div>\n\t\t\t\t<\/div>\n\t\t","protected":false},"excerpt":{"rendered":"<p>Home Politika tal-Cookies Lorem Ipsum huwa sempli\u010bement test finta tal-industrija tal-istampar u t-tipa. Lorem Ipsum [&hellip;]<\/p>\n","protected":false},"author":1,"featured_media":0,"parent":0,"menu_order":0,"comment_status":"closed","ping_status":"closed","template":"elementor_header_footer","meta":{"footnotes":""},"class_list":["post-34866","page","type-page","status-publish","hentry"],"yoast_head":"<!-- This site is optimized with the Yoast SEO plugin v27.3 - https:\/\/yoast.com\/product\/yoast-seo-wordpress\/ -->\n<title>Politika tal-Cookies<\/title>\n<meta name=\"robots\" content=\"noindex, follow, max-snippet:-1, max-image-preview:large, max-video-preview:-1\" \/>\n<meta property=\"og:locale\" content=\"en_US\" \/>\n<meta property=\"og:type\" content=\"article\" \/>\n<meta property=\"og:title\" content=\"Politika tal-Cookies\" \/>\n<meta property=\"og:description\" content=\"Home Politika tal-Cookies Lorem Ipsum huwa sempli\u010bement test finta tal-industrija tal-istampar u t-tipa. Lorem Ipsum [&hellip;]\" \/>\n<meta property=\"og:url\" content=\"https:\/\/primerentals.com.mt\/mt\/politika-tal-cookies\/\" \/>\n<meta property=\"og:site_name\" content=\"Prime Rentals\" \/>\n<meta property=\"article:modified_time\" content=\"2026-04-07T22:11:24+00:00\" \/>\n<meta name=\"twitter:card\" content=\"summary_large_image\" \/>\n<meta name=\"twitter:label1\" content=\"Est. reading time\" \/>\n\t<meta name=\"twitter:data1\" content=\"2 minutes\" \/>\n<script type=\"application\/ld+json\" class=\"yoast-schema-graph\">{\"@context\":\"https:\\\/\\\/schema.org\",\"@graph\":[{\"@type\":\"WebPage\",\"@id\":\"https:\\\/\\\/primerentals.com.mt\\\/mt\\\/politika-tal-cookies\\\/\",\"url\":\"https:\\\/\\\/primerentals.com.mt\\\/mt\\\/politika-tal-cookies\\\/\",\"name\":\"Politika tal-Cookies\",\"isPartOf\":{\"@id\":\"https:\\\/\\\/primerentals.com.mt\\\/mt\\\/#website\"},\"datePublished\":\"2025-05-22T13:39:26+00:00\",\"dateModified\":\"2026-04-07T22:11:24+00:00\",\"breadcrumb\":{\"@id\":\"https:\\\/\\\/primerentals.com.mt\\\/mt\\\/politika-tal-cookies\\\/#breadcrumb\"},\"inLanguage\":\"mlt\",\"potentialAction\":[{\"@type\":\"ReadAction\",\"target\":[\"https:\\\/\\\/primerentals.com.mt\\\/mt\\\/politika-tal-cookies\\\/\"]}]},{\"@type\":\"BreadcrumbList\",\"@id\":\"https:\\\/\\\/primerentals.com.mt\\\/mt\\\/politika-tal-cookies\\\/#breadcrumb\",\"itemListElement\":[{\"@type\":\"ListItem\",\"position\":1,\"name\":\"Home\",\"item\":\"https:\\\/\\\/primerentals.com.mt\\\/mt\\\/pagna-ewlenija\\\/\"},{\"@type\":\"ListItem\",\"position\":2,\"name\":\"Politika tal-Cookies\"}]},{\"@type\":\"WebSite\",\"@id\":\"https:\\\/\\\/primerentals.com.mt\\\/mt\\\/#website\",\"url\":\"https:\\\/\\\/primerentals.com.mt\\\/mt\\\/\",\"name\":\"Prime Rentals\",\"description\":\"\",\"potentialAction\":[{\"@type\":\"SearchAction\",\"target\":{\"@type\":\"EntryPoint\",\"urlTemplate\":\"https:\\\/\\\/primerentals.com.mt\\\/mt\\\/?s={search_term_string}\"},\"query-input\":{\"@type\":\"PropertyValueSpecification\",\"valueRequired\":true,\"valueName\":\"search_term_string\"}}],\"inLanguage\":\"mlt\"}]}<\/script>\n<!-- \/ Yoast SEO plugin. -->","yoast_head_json":{"title":"Politika tal-Cookies","robots":{"index":"noindex","follow":"follow","max-snippet":"max-snippet:-1","max-image-preview":"max-image-preview:large","max-video-preview":"max-video-preview:-1"},"og_locale":"en_US","og_type":"article","og_title":"Politika tal-Cookies","og_description":"Home Politika tal-Cookies Lorem Ipsum huwa sempli\u010bement test finta tal-industrija tal-istampar u t-tipa. Lorem Ipsum [&hellip;]","og_url":"https:\/\/primerentals.com.mt\/mt\/politika-tal-cookies\/","og_site_name":"Prime Rentals","article_modified_time":"2026-04-07T22:11:24+00:00","twitter_card":"summary_large_image","twitter_misc":{"Est. reading time":"2 minutes"},"schema":{"@context":"https:\/\/schema.org","@graph":[{"@type":"WebPage","@id":"https:\/\/primerentals.com.mt\/mt\/politika-tal-cookies\/","url":"https:\/\/primerentals.com.mt\/mt\/politika-tal-cookies\/","name":"Politika tal-Cookies","isPartOf":{"@id":"https:\/\/primerentals.com.mt\/mt\/#website"},"datePublished":"2025-05-22T13:39:26+00:00","dateModified":"2026-04-07T22:11:24+00:00","breadcrumb":{"@id":"https:\/\/primerentals.com.mt\/mt\/politika-tal-cookies\/#breadcrumb"},"inLanguage":"mlt","potentialAction":[{"@type":"ReadAction","target":["https:\/\/primerentals.com.mt\/mt\/politika-tal-cookies\/"]}]},{"@type":"BreadcrumbList","@id":"https:\/\/primerentals.com.mt\/mt\/politika-tal-cookies\/#breadcrumb","itemListElement":[{"@type":"ListItem","position":1,"name":"Home","item":"https:\/\/primerentals.com.mt\/mt\/pagna-ewlenija\/"},{"@type":"ListItem","position":2,"name":"Politika tal-Cookies"}]},{"@type":"WebSite","@id":"https:\/\/primerentals.com.mt\/mt\/#website","url":"https:\/\/primerentals.com.mt\/mt\/","name":"Prime Rentals","description":"","potentialAction":[{"@type":"SearchAction","target":{"@type":"EntryPoint","urlTemplate":"https:\/\/primerentals.com.mt\/mt\/?s={search_term_string}"},"query-input":{"@type":"PropertyValueSpecification","valueRequired":true,"valueName":"search_term_string"}}],"inLanguage":"mlt"}]}},"_links":{"self":[{"href":"https:\/\/primerentals.com.mt\/mt\/wp-json\/wp\/v2\/pages\/34866","targetHints":{"allow":["GET"]}}],"collection":[{"href":"https:\/\/primerentals.com.mt\/mt\/wp-json\/wp\/v2\/pages"}],"about":[{"href":"https:\/\/primerentals.com.mt\/mt\/wp-json\/wp\/v2\/types\/page"}],"author":[{"embeddable":true,"href":"https:\/\/primerentals.com.mt\/mt\/wp-json\/wp\/v2\/users\/1"}],"replies":[{"embeddable":true,"href":"https:\/\/primerentals.com.mt\/mt\/wp-json\/wp\/v2\/comments?post=34866"}],"version-history":[{"count":1,"href":"https:\/\/primerentals.com.mt\/mt\/wp-json\/wp\/v2\/pages\/34866\/revisions"}],"predecessor-version":[{"id":34867,"href":"https:\/\/primerentals.com.mt\/mt\/wp-json\/wp\/v2\/pages\/34866\/revisions\/34867"}],"wp:attachment":[{"href":"https:\/\/primerentals.com.mt\/mt\/wp-json\/wp\/v2\/media?parent=34866"}],"curies":[{"name":"wp","href":"https:\/\/api.w.org\/{rel}","templated":true}]}}