{"id":34915,"date":"2025-02-24T12:01:44","date_gmt":"2025-02-24T12:01:44","guid":{"rendered":"https:\/\/primerentals.com.mt\/politika-tal-privatezza\/"},"modified":"2026-04-12T22:11:38","modified_gmt":"2026-04-12T22:11:38","slug":"politika-tal-privatezza","status":"publish","type":"page","link":"https:\/\/primerentals.com.mt\/mt\/politika-tal-privatezza\/","title":{"rendered":"Politika tal-Privatezza"},"content":{"rendered":"\n<h2 class=\"wp-block-heading\">Min a\u0127na<\/h2>\n\n<p><strong class=\"privacy-policy-tutorial\">Test issu\u0121\u0121erit:<\/strong> L-indirizz tal-websajt tag\u0127na huwa: https:\/\/primerentals.com.mt.<\/p>\n\n<h2 class=\"wp-block-heading\">Kummenti<\/h2>\n\n<p><strong class=\"privacy-policy-tutorial\">Test issu\u0121\u0121erit:<\/strong> Meta l-vi\u017citaturi j\u0127allu kummenti fuq is-sit ni\u0121bru d-dejta murija fil-formola tal-kummenti, kif ukoll l-indirizz IP tal-vi\u017citatur u s-sekwenza tal-a\u0121ent tal-utent tal-browser biex jg\u0127inu fid-detezzjoni tal-ispam.<\/p>\n\n<p>String anonimizzata ma\u0127luqa mill-indirizz elettroniku tieg\u0127ek (imsej\u0127a wkoll hash) tista&#8217; ti\u0121i pprovduta lis-servizz Gravatar biex tara jekk qed tu\u017cahiex. Il-politika ta&#8217; privatezza tas-servizz Gravatar hija disponibbli hawn: https:\/\/automattic.com\/privacy\/. Wara l-approvazzjoni tal-kumment tieg\u0127ek, ir-ritratt tal-profil tieg\u0127ek ikun vi\u017cibbli g\u0127all-pubbliku fil-kuntest tal-kumment tieg\u0127ek. <\/p>\n\n<h2 class=\"wp-block-heading\">Midja<\/h2>\n\n<p><strong class=\"privacy-policy-tutorial\">Test issu\u0121\u0121erit:<\/strong> Jekk ittella\u2019 imma\u0121nijiet fuq il-websajt, g\u0127andek tevita li ttella\u2019 imma\u0121nijiet b\u2019dejta tal-lokazzjoni inkorporata (EXIF GPS) inklu\u017ca. Il-vi\u017citaturi tal-websajt jistg\u0127u jni\u017c\u017clu u ji\u0121bdu kwalunkwe dejta tal-lokazzjoni mill-imma\u0121nijiet fuq il-websajt. <\/p>\n\n<h2 class=\"wp-block-heading\">Cookies<\/h2>\n\n<p><strong class=\"privacy-policy-tutorial\">Test issu\u0121\u0121erit:<\/strong> Jekk t\u0127alli kumment fuq is-sit tag\u0127na tista&#8217; tag\u0127\u017cel li ssalva ismek, l-indirizz elettroniku u l-websajt tieg\u0127ek fil-cookies. Dawn huma g\u0127all-konvenjenza tieg\u0127ek sabiex ma jkollokx g\u0127alfejn timla d-dettalji tieg\u0127ek mill-\u0121did meta t\u0127alli kumment ie\u0127or. Dawn il-cookies idumu g\u0127al sena.  <\/p>\n\n<p>Jekk i\u017c\u017cur il-pa\u0121na tal-login tag\u0127na, a\u0127na se nwaqqfu cookie temporanja biex niddeterminaw jekk il-browser tieg\u0127ek ja\u010b\u010bettax il-cookies. Din il-cookie ma fiha l-ebda dejta personali u tintrema meta tag\u0127laq il-browser tieg\u0127ek. <\/p>\n\n<p>Meta tid\u0127ol, a\u0127na nwaqqfu wkoll diversi cookies biex insalvaw l-informazzjoni tal-login tieg\u0127ek u l-g\u0127a\u017cliet tal-wiri tal-iskrin tieg\u0127ek. Il-cookies tal-login idumu g\u0127al jumejn, u l-cookies tal-g\u0127a\u017cliet tal-iskrin idumu g\u0127al sena. Jekk tag\u0127\u017cel &#8220;Ftakar fija&#8221;, il-login tieg\u0127ek se jippersisti g\u0127al \u0121imag\u0127tejn. Jekk tag\u0127mel log out mill-kont tieg\u0127ek, il-cookies tal-login se jitne\u0127\u0127ew.   <\/p>\n\n<p>Jekk teditja jew tippubblika artiklu, se ji\u0121i ssejvjat cookie addizzjonali fil-browser tieg\u0127ek. Dan il-cookie ma jinkludi l-ebda dejta personali u sempli\u010bement jindika l-ID tal-post tal-artiklu li g\u0127adek kif editjajt. Jiskadi wara \u0121urnata.  <\/p>\n\n<h2 class=\"wp-block-heading\">Kontenut inkorporat minn websajts o\u0127ra<\/h2>\n\n<p><strong class=\"privacy-policy-tutorial\">Test issu\u0121\u0121erit:<\/strong> L-artikoli fuq dan is-sit jistg\u0127u jinkludu kontenut inkorporat (e\u017c. vidjows, stampi, artikli, e\u010b\u010b.). Kontenut inkorporat minn websajts o\u0127ra ja\u0121ixxi bl-istess mod e\u017catt b\u0127allikieku l-vi\u017citatur \u017car il-websajt l-o\u0127ra. <\/p>\n\n<p>Dawn il-websajts jistg\u0127u ji\u0121bru dejta dwarek, ju\u017caw cookies, jinkorporaw tra\u010b\u010bar addizzjonali ta\u2019 partijiet terzi, u jimmonitorjaw l-interazzjoni tieg\u0127ek ma\u2019 dak il-kontenut inkorporat, inklu\u017c it-tra\u010b\u010bar tal-interazzjoni tieg\u0127ek mal-kontenut inkorporat jekk g\u0127andek kont u tkun illoggjat f\u2019dik il-websajt.<\/p>\n\n<h2 class=\"wp-block-heading\">Ma\u2019 min naqsmu d-dejta tieg\u0127ek<\/h2>\n\n<p><strong class=\"privacy-policy-tutorial\">Test issu\u0121\u0121erit:<\/strong> Jekk titlob li ter\u0121a&#8217; tissettja l-password, l-indirizz IP tieg\u0127ek se ji\u0121i inklu\u017c fl-email tar-reset.<\/p>\n\n<h2 class=\"wp-block-heading\">Kemm idumu n\u017commu d-dejta tieg\u0127ek<\/h2>\n\n<p><strong class=\"privacy-policy-tutorial\">Test issu\u0121\u0121erit:<\/strong> Jekk t\u0127alli kumment, il-kumment u l-metadata tieg\u0127u jin\u017cammu b&#8217;mod indefinit. Dan sabiex inkunu nistg\u0127u nag\u0127rfu u napprovaw kwalunkwe kumment ta&#8217; segwitu awtomatikament minflok ma n\u017commuhom f&#8217;kju ta&#8217; moderazzjoni. <\/p>\n\n<p>G\u0127all-utenti li jirre\u0121istraw fuq il-websajt tag\u0127na (jekk ikun hemm), a\u0127na na\u0127\u017cnu wkoll l-informazzjoni personali li jipprovdu fil-profil tal-utent tag\u0127hom. L-utenti kollha jistg\u0127u jaraw, jeditjaw, jew i\u0127assru l-informazzjoni personali tag\u0127hom fi kwalunkwe \u0127in (\u0127lief li ma jistg\u0127ux ibiddlu l-username tag\u0127hom). L-amministraturi tal-websajt jistg\u0127u wkoll jaraw u jeditjaw dik l-informazzjoni.  <\/p>\n\n<h2 class=\"wp-block-heading\">Liema drittijiet g\u0127andek fuq id-dejta tieg\u0127ek<\/h2>\n\n<p><strong class=\"privacy-policy-tutorial\">Test issu\u0121\u0121erit:<\/strong> Jekk g\u0127andek kont fuq dan is-sit, jew \u0127allejt kummenti, tista&#8217; titlob li tir\u010bievi fajl esportat tad-dejta personali li g\u0127andna dwarek, inklu\u017ca kwalunkwe dejta li tajtna. Tista&#8217; wkoll titlob li n\u0127assru kwalunkwe dejta personali li g\u0127andna dwarek. Dan ma jinkludix kwalunkwe dejta li a\u0127na obbligati n\u017commu g\u0127al skopijiet amministrattivi, legali jew ta&#8217; sigurt\u00e0.  <\/p>\n\n<h2 class=\"wp-block-heading\">Fejn tintbag\u0127at id-dejta tieg\u0127ek<\/h2>\n\n<p><strong class=\"privacy-policy-tutorial\">Test issu\u0121\u0121erit:<\/strong> Il-kummenti tal-vi\u017citaturi jistg\u0127u ji\u0121u \u010b\u010bekkjati permezz ta\u2019 servizz awtomatizzat ta\u2019 skoperta tal-ispam.<\/p>\n","protected":false},"excerpt":{"rendered":"<p>Min a\u0127na Test issu\u0121\u0121erit: L-indirizz tal-websajt tag\u0127na huwa: https:\/\/primerentals.com.mt. Kummenti Test issu\u0121\u0121erit: Meta l-vi\u017citaturi j\u0127allu [&hellip;]<\/p>\n","protected":false},"author":1,"featured_media":0,"parent":0,"menu_order":0,"comment_status":"closed","ping_status":"closed","template":"","meta":{"footnotes":""},"class_list":["post-34915","page","type-page","status-publish","hentry"],"yoast_head":"<!-- This site is optimized with the Yoast SEO plugin v27.3 - https:\/\/yoast.com\/product\/yoast-seo-wordpress\/ -->\n<title>Politika tal-Privatezza<\/title>\n<meta name=\"robots\" content=\"noindex, follow, max-snippet:-1, max-image-preview:large, max-video-preview:-1\" \/>\n<meta property=\"og:locale\" content=\"en_US\" \/>\n<meta property=\"og:type\" content=\"article\" \/>\n<meta property=\"og:title\" content=\"Politika tal-Privatezza\" \/>\n<meta property=\"og:description\" content=\"Min a\u0127na Test issu\u0121\u0121erit: L-indirizz tal-websajt tag\u0127na huwa: https:\/\/primerentals.com.mt. Kummenti Test issu\u0121\u0121erit: Meta l-vi\u017citaturi j\u0127allu [&hellip;]\" \/>\n<meta property=\"og:url\" content=\"https:\/\/primerentals.com.mt\/mt\/politika-tal-privatezza\/\" \/>\n<meta property=\"og:site_name\" content=\"Prime Rentals\" \/>\n<meta property=\"article:modified_time\" content=\"2026-04-12T22:11:38+00:00\" \/>\n<meta name=\"twitter:card\" content=\"summary_large_image\" \/>\n<meta name=\"twitter:label1\" content=\"Est. reading time\" \/>\n\t<meta name=\"twitter:data1\" content=\"3 minutes\" \/>\n<script type=\"application\/ld+json\" class=\"yoast-schema-graph\">{\"@context\":\"https:\\\/\\\/schema.org\",\"@graph\":[{\"@type\":\"WebPage\",\"@id\":\"https:\\\/\\\/primerentals.com.mt\\\/mt\\\/politika-tal-privatezza\\\/\",\"url\":\"https:\\\/\\\/primerentals.com.mt\\\/mt\\\/politika-tal-privatezza\\\/\",\"name\":\"Politika tal-Privatezza\",\"isPartOf\":{\"@id\":\"https:\\\/\\\/primerentals.com.mt\\\/mt\\\/#website\"},\"datePublished\":\"2025-02-24T12:01:44+00:00\",\"dateModified\":\"2026-04-12T22:11:38+00:00\",\"breadcrumb\":{\"@id\":\"https:\\\/\\\/primerentals.com.mt\\\/mt\\\/politika-tal-privatezza\\\/#breadcrumb\"},\"inLanguage\":\"mlt\",\"potentialAction\":[{\"@type\":\"ReadAction\",\"target\":[\"https:\\\/\\\/primerentals.com.mt\\\/mt\\\/politika-tal-privatezza\\\/\"]}]},{\"@type\":\"BreadcrumbList\",\"@id\":\"https:\\\/\\\/primerentals.com.mt\\\/mt\\\/politika-tal-privatezza\\\/#breadcrumb\",\"itemListElement\":[{\"@type\":\"ListItem\",\"position\":1,\"name\":\"Home\",\"item\":\"https:\\\/\\\/primerentals.com.mt\\\/mt\\\/pagna-ewlenija\\\/\"},{\"@type\":\"ListItem\",\"position\":2,\"name\":\"Politika tal-Privatezza\"}]},{\"@type\":\"WebSite\",\"@id\":\"https:\\\/\\\/primerentals.com.mt\\\/mt\\\/#website\",\"url\":\"https:\\\/\\\/primerentals.com.mt\\\/mt\\\/\",\"name\":\"Prime Rentals\",\"description\":\"\",\"potentialAction\":[{\"@type\":\"SearchAction\",\"target\":{\"@type\":\"EntryPoint\",\"urlTemplate\":\"https:\\\/\\\/primerentals.com.mt\\\/mt\\\/?s={search_term_string}\"},\"query-input\":{\"@type\":\"PropertyValueSpecification\",\"valueRequired\":true,\"valueName\":\"search_term_string\"}}],\"inLanguage\":\"mlt\"}]}<\/script>\n<!-- \/ Yoast SEO plugin. -->","yoast_head_json":{"title":"Politika tal-Privatezza","robots":{"index":"noindex","follow":"follow","max-snippet":"max-snippet:-1","max-image-preview":"max-image-preview:large","max-video-preview":"max-video-preview:-1"},"og_locale":"en_US","og_type":"article","og_title":"Politika tal-Privatezza","og_description":"Min a\u0127na Test issu\u0121\u0121erit: L-indirizz tal-websajt tag\u0127na huwa: https:\/\/primerentals.com.mt. Kummenti Test issu\u0121\u0121erit: Meta l-vi\u017citaturi j\u0127allu [&hellip;]","og_url":"https:\/\/primerentals.com.mt\/mt\/politika-tal-privatezza\/","og_site_name":"Prime Rentals","article_modified_time":"2026-04-12T22:11:38+00:00","twitter_card":"summary_large_image","twitter_misc":{"Est. reading time":"3 minutes"},"schema":{"@context":"https:\/\/schema.org","@graph":[{"@type":"WebPage","@id":"https:\/\/primerentals.com.mt\/mt\/politika-tal-privatezza\/","url":"https:\/\/primerentals.com.mt\/mt\/politika-tal-privatezza\/","name":"Politika tal-Privatezza","isPartOf":{"@id":"https:\/\/primerentals.com.mt\/mt\/#website"},"datePublished":"2025-02-24T12:01:44+00:00","dateModified":"2026-04-12T22:11:38+00:00","breadcrumb":{"@id":"https:\/\/primerentals.com.mt\/mt\/politika-tal-privatezza\/#breadcrumb"},"inLanguage":"mlt","potentialAction":[{"@type":"ReadAction","target":["https:\/\/primerentals.com.mt\/mt\/politika-tal-privatezza\/"]}]},{"@type":"BreadcrumbList","@id":"https:\/\/primerentals.com.mt\/mt\/politika-tal-privatezza\/#breadcrumb","itemListElement":[{"@type":"ListItem","position":1,"name":"Home","item":"https:\/\/primerentals.com.mt\/mt\/pagna-ewlenija\/"},{"@type":"ListItem","position":2,"name":"Politika tal-Privatezza"}]},{"@type":"WebSite","@id":"https:\/\/primerentals.com.mt\/mt\/#website","url":"https:\/\/primerentals.com.mt\/mt\/","name":"Prime Rentals","description":"","potentialAction":[{"@type":"SearchAction","target":{"@type":"EntryPoint","urlTemplate":"https:\/\/primerentals.com.mt\/mt\/?s={search_term_string}"},"query-input":{"@type":"PropertyValueSpecification","valueRequired":true,"valueName":"search_term_string"}}],"inLanguage":"mlt"}]}},"_links":{"self":[{"href":"https:\/\/primerentals.com.mt\/mt\/wp-json\/wp\/v2\/pages\/34915","targetHints":{"allow":["GET"]}}],"collection":[{"href":"https:\/\/primerentals.com.mt\/mt\/wp-json\/wp\/v2\/pages"}],"about":[{"href":"https:\/\/primerentals.com.mt\/mt\/wp-json\/wp\/v2\/types\/page"}],"author":[{"embeddable":true,"href":"https:\/\/primerentals.com.mt\/mt\/wp-json\/wp\/v2\/users\/1"}],"replies":[{"embeddable":true,"href":"https:\/\/primerentals.com.mt\/mt\/wp-json\/wp\/v2\/comments?post=34915"}],"version-history":[{"count":1,"href":"https:\/\/primerentals.com.mt\/mt\/wp-json\/wp\/v2\/pages\/34915\/revisions"}],"predecessor-version":[{"id":34916,"href":"https:\/\/primerentals.com.mt\/mt\/wp-json\/wp\/v2\/pages\/34915\/revisions\/34916"}],"wp:attachment":[{"href":"https:\/\/primerentals.com.mt\/mt\/wp-json\/wp\/v2\/media?parent=34915"}],"curies":[{"name":"wp","href":"https:\/\/api.w.org\/{rel}","templated":true}]}}